{"id":687,"date":"2024-07-31T08:56:39","date_gmt":"2024-07-31T12:56:39","guid":{"rendered":"https:\/\/www.prosalud.org\/?page_id=687"},"modified":"2024-07-31T09:25:50","modified_gmt":"2024-07-31T13:25:50","slug":"programas-gratuitos-4","status":"publish","type":"page","link":"https:\/\/www.prosalud.org\/?page_id=687","title":{"rendered":"PROGRAMAS GRATUITOS"},"content":{"rendered":"\n\n\n\n<h2 class=\"wp-block-heading\"><strong>Programa de Crecimiento y Desarrollo Infantil<\/strong><\/h2>\n\n\n\n<p><\/p>\n\n\n\n<p>Toda la Red de Servicios, Centros y Cl\u00ednicas PROSALUD brinda a la poblaci\u00f3n de manera gratuita el Programa de Crecimiento y Desarrollo Infantil.<\/p>\n\n\n\n<p>El crecimiento del ni\u00f1o y la ni\u00f1a se puede observar a trav\u00e9s del aumento en el peso y la talla. Desarrollo, son las habilidades psicomotoras (manos, pies), relaciones afectivas, socializaci\u00f3n y aprendizaje del lenguaje.<\/p>\n\n\n\n<p><strong>El Control de Crecimiento y Desarrollo Infantil<\/strong><\/p>\n\n\n\n<p>Se lo debe realizar a partir del nacimiento del bebe hasta los cinco a\u00f1os, para poder asegurarnos como padres que el ni\u00f1o se est\u00e1 desarrollando de manera normal y saludable.<\/p>\n\n\n\n<p>Para m\u00e1s informaci\u00f3n sobre el Programa de Crecimiento y Desarrollo Infantil, consulte a su servicio PROSALUD m\u00e1s cercano.<\/p>\n\n\n\n<figure class=\"wp-block-image size-full is-resized\"><img decoding=\"async\" width=\"800\" height=\"420\" src=\"https:\/\/www.prosalud.org\/wp-content\/uploads\/2024\/07\/Desarrollo-infantil.png\" alt=\"\" class=\"wp-image-697\" style=\"width:604px;height:auto\" srcset=\"https:\/\/www.prosalud.org\/wp-content\/uploads\/2024\/07\/Desarrollo-infantil.png 800w, https:\/\/www.prosalud.org\/wp-content\/uploads\/2024\/07\/Desarrollo-infantil-300x158.png 300w, https:\/\/www.prosalud.org\/wp-content\/uploads\/2024\/07\/Desarrollo-infantil-768x403.png 768w, https:\/\/www.prosalud.org\/wp-content\/uploads\/2024\/07\/Desarrollo-infantil-600x315.png 600w, https:\/\/www.prosalud.org\/wp-content\/uploads\/2024\/07\/Desarrollo-infantil-280x147.png 280w\" sizes=\"(max-width: 800px) 100vw, 800px\" \/><\/figure>\n","protected":false},"excerpt":{"rendered":"<p>Programa de Crecimiento y Desarrollo Infantil Toda la Red de Servicios, Centros y Cl\u00ednicas PROSALUD brinda a la poblaci\u00f3n de manera gratuita el Programa de [&hellip;]<\/p>\n","protected":false},"author":1,"featured_media":519,"parent":0,"menu_order":0,"comment_status":"closed","ping_status":"closed","template":"","meta":{"pgc_sgb_lightbox_settings":"","footnotes":""},"class_list":["post-687","page","type-page","status-publish","has-post-thumbnail","hentry"],"_links":{"self":[{"href":"https:\/\/www.prosalud.org\/index.php?rest_route=\/wp\/v2\/pages\/687","targetHints":{"allow":["GET"]}}],"collection":[{"href":"https:\/\/www.prosalud.org\/index.php?rest_route=\/wp\/v2\/pages"}],"about":[{"href":"https:\/\/www.prosalud.org\/index.php?rest_route=\/wp\/v2\/types\/page"}],"author":[{"embeddable":true,"href":"https:\/\/www.prosalud.org\/index.php?rest_route=\/wp\/v2\/users\/1"}],"replies":[{"embeddable":true,"href":"https:\/\/www.prosalud.org\/index.php?rest_route=%2Fwp%2Fv2%2Fcomments&post=687"}],"version-history":[{"count":3,"href":"https:\/\/www.prosalud.org\/index.php?rest_route=\/wp\/v2\/pages\/687\/revisions"}],"predecessor-version":[{"id":698,"href":"https:\/\/www.prosalud.org\/index.php?rest_route=\/wp\/v2\/pages\/687\/revisions\/698"}],"wp:featuredmedia":[{"embeddable":true,"href":"https:\/\/www.prosalud.org\/index.php?rest_route=\/wp\/v2\/media\/519"}],"wp:attachment":[{"href":"https:\/\/www.prosalud.org\/index.php?rest_route=%2Fwp%2Fv2%2Fmedia&parent=687"}],"curies":[{"name":"wp","href":"https:\/\/api.w.org\/{rel}","templated":true}]}}