{"id":684,"date":"2024-07-31T08:54:06","date_gmt":"2024-07-31T12:54:06","guid":{"rendered":"https:\/\/www.prosalud.org\/?page_id=684"},"modified":"2024-07-31T09:24:47","modified_gmt":"2024-07-31T13:24:47","slug":"programas-gratuitos-3","status":"publish","type":"page","link":"https:\/\/www.prosalud.org\/?page_id=684","title":{"rendered":"PROGRAMAS GRATUITOS"},"content":{"rendered":"\n\n\n\n<h2 class=\"wp-block-heading\"><strong>PROGRAMA DE DIAGN\u00d3STICO, TRATAMIENTO Y CONTROL DE LA TUBERCULOSIS<\/strong><\/h2>\n\n\n\n<p><\/p>\n\n\n\n<p>Toda la Red de Servicios, Centros y Cl\u00ednicas PROSALUD brinda a la poblaci\u00f3n de manera gratuita el Programa de Diagn\u00f3stico, Tratamiento y Control de la Tuberculosis<\/p>\n\n\n\n<p>La Tuberculosis es una enfermedad grave causada por el bacilo de la tuberculosis, afecta a todo el organismo principalmente a los pulmones. Esta enfermedad es contagiosa, pero tiene cura.<\/p>\n\n\n\n<p>En el caso de presentar alg\u00fan signo y s\u00edntoma:<\/p>\n\n\n\n<ul class=\"wp-block-list\">\n<li>Puede visitar un servicio PROSALUD<\/li>\n\n\n\n<li>Se le realizar\u00e1 el examen de baciloscopia, que consiste en el an\u00e1lisis de dos muestras de flemas que se env\u00edan al laboratorio.<\/li>\n\n\n\n<li>Con su resultado acceder\u00e1 a tratamiento Diagn\u00f3stico y Tratamiento gratuito, en cualquier Servicio PROSALUD<\/li>\n<\/ul>\n\n\n\n<p>Para m\u00e1s informaci\u00f3n consulte a su servicio PROSALUD m\u00e1s cercano<\/p>\n\n\n\n<figure class=\"wp-block-image size-large is-resized\"><img decoding=\"async\" width=\"1024\" height=\"682\" src=\"https:\/\/www.prosalud.org\/wp-content\/uploads\/2024\/07\/Tuberculosis-ok-1024x682.jpeg\" alt=\"\" class=\"wp-image-695\" style=\"width:571px;height:auto\" srcset=\"https:\/\/www.prosalud.org\/wp-content\/uploads\/2024\/07\/Tuberculosis-ok-1024x682.jpeg 1024w, https:\/\/www.prosalud.org\/wp-content\/uploads\/2024\/07\/Tuberculosis-ok-300x200.jpeg 300w, https:\/\/www.prosalud.org\/wp-content\/uploads\/2024\/07\/Tuberculosis-ok-768x512.jpeg 768w, https:\/\/www.prosalud.org\/wp-content\/uploads\/2024\/07\/Tuberculosis-ok-600x400.jpeg 600w, https:\/\/www.prosalud.org\/wp-content\/uploads\/2024\/07\/Tuberculosis-ok-240x160.jpeg 240w, https:\/\/www.prosalud.org\/wp-content\/uploads\/2024\/07\/Tuberculosis-ok.jpeg 1300w\" sizes=\"(max-width: 1024px) 100vw, 1024px\" \/><\/figure>\n","protected":false},"excerpt":{"rendered":"<p>PROGRAMA DE DIAGN\u00d3STICO, TRATAMIENTO Y CONTROL DE LA TUBERCULOSIS Toda la Red de Servicios, Centros y Cl\u00ednicas PROSALUD brinda a la poblaci\u00f3n de manera gratuita [&hellip;]<\/p>\n","protected":false},"author":1,"featured_media":519,"parent":0,"menu_order":0,"comment_status":"closed","ping_status":"closed","template":"","meta":{"pgc_sgb_lightbox_settings":"","footnotes":""},"class_list":["post-684","page","type-page","status-publish","has-post-thumbnail","hentry"],"_links":{"self":[{"href":"https:\/\/www.prosalud.org\/index.php?rest_route=\/wp\/v2\/pages\/684","targetHints":{"allow":["GET"]}}],"collection":[{"href":"https:\/\/www.prosalud.org\/index.php?rest_route=\/wp\/v2\/pages"}],"about":[{"href":"https:\/\/www.prosalud.org\/index.php?rest_route=\/wp\/v2\/types\/page"}],"author":[{"embeddable":true,"href":"https:\/\/www.prosalud.org\/index.php?rest_route=\/wp\/v2\/users\/1"}],"replies":[{"embeddable":true,"href":"https:\/\/www.prosalud.org\/index.php?rest_route=%2Fwp%2Fv2%2Fcomments&post=684"}],"version-history":[{"count":5,"href":"https:\/\/www.prosalud.org\/index.php?rest_route=\/wp\/v2\/pages\/684\/revisions"}],"predecessor-version":[{"id":696,"href":"https:\/\/www.prosalud.org\/index.php?rest_route=\/wp\/v2\/pages\/684\/revisions\/696"}],"wp:featuredmedia":[{"embeddable":true,"href":"https:\/\/www.prosalud.org\/index.php?rest_route=\/wp\/v2\/media\/519"}],"wp:attachment":[{"href":"https:\/\/www.prosalud.org\/index.php?rest_route=%2Fwp%2Fv2%2Fmedia&parent=684"}],"curies":[{"name":"wp","href":"https:\/\/api.w.org\/{rel}","templated":true}]}}