{"id":680,"date":"2024-07-31T08:48:56","date_gmt":"2024-07-31T12:48:56","guid":{"rendered":"https:\/\/www.prosalud.org\/?page_id=680"},"modified":"2024-07-31T09:12:24","modified_gmt":"2024-07-31T13:12:24","slug":"programas-gratuitos-2","status":"publish","type":"page","link":"https:\/\/www.prosalud.org\/?page_id=680","title":{"rendered":"PROGRAMAS GRATUITOS"},"content":{"rendered":"\n\n\n\n<h2 class=\"wp-block-heading\"><strong>PROGRAMA AMPLIADO DE INMUNIZACI\u00d3N<\/strong><\/h2>\n\n\n\n<p><\/p>\n\n\n\n<p>Toda la Red de Servicios, Centros y Cl\u00ednicas PROSALUD brinda a la poblaci\u00f3n de manera gratuita Vacunas que forman parte del Esquema Nacional de Vacunaci\u00f3n aprobadas en el pa\u00eds, cumpliendo las normas protocolos de calidad de atenci\u00f3n y como apoyo al Programa Ampliado de Inmunizaci\u00f3n del Ministerio de Salud y Deportes.<\/p>\n\n\n\n<p>Para m\u00e1s informaci\u00f3n consulte a su servicio PROSALUD m\u00e1s cercano.<\/p>\n\n\n\n<figure class=\"wp-block-image size-medium is-resized\"><img decoding=\"async\" width=\"300\" height=\"300\" src=\"https:\/\/www.prosalud.org\/wp-content\/uploads\/2024\/07\/Diagramas-Vacunas--300x300.png\" alt=\"\" class=\"wp-image-681\" style=\"width:769px;height:auto\" srcset=\"https:\/\/www.prosalud.org\/wp-content\/uploads\/2024\/07\/Diagramas-Vacunas--300x300.png 300w, https:\/\/www.prosalud.org\/wp-content\/uploads\/2024\/07\/Diagramas-Vacunas--150x150.png 150w, https:\/\/www.prosalud.org\/wp-content\/uploads\/2024\/07\/Diagramas-Vacunas--768x768.png 768w, https:\/\/www.prosalud.org\/wp-content\/uploads\/2024\/07\/Diagramas-Vacunas--600x600.png 600w, https:\/\/www.prosalud.org\/wp-content\/uploads\/2024\/07\/Diagramas-Vacunas--160x160.png 160w, https:\/\/www.prosalud.org\/wp-content\/uploads\/2024\/07\/Diagramas-Vacunas-.png 1000w\" sizes=\"(max-width: 300px) 100vw, 300px\" \/><\/figure>\n","protected":false},"excerpt":{"rendered":"<p>PROGRAMA AMPLIADO DE INMUNIZACI\u00d3N Toda la Red de Servicios, Centros y Cl\u00ednicas PROSALUD brinda a la poblaci\u00f3n de manera gratuita Vacunas que forman parte del [&hellip;]<\/p>\n","protected":false},"author":1,"featured_media":519,"parent":0,"menu_order":0,"comment_status":"closed","ping_status":"closed","template":"","meta":{"pgc_sgb_lightbox_settings":"","footnotes":""},"class_list":["post-680","page","type-page","status-publish","has-post-thumbnail","hentry"],"_links":{"self":[{"href":"https:\/\/www.prosalud.org\/index.php?rest_route=\/wp\/v2\/pages\/680","targetHints":{"allow":["GET"]}}],"collection":[{"href":"https:\/\/www.prosalud.org\/index.php?rest_route=\/wp\/v2\/pages"}],"about":[{"href":"https:\/\/www.prosalud.org\/index.php?rest_route=\/wp\/v2\/types\/page"}],"author":[{"embeddable":true,"href":"https:\/\/www.prosalud.org\/index.php?rest_route=\/wp\/v2\/users\/1"}],"replies":[{"embeddable":true,"href":"https:\/\/www.prosalud.org\/index.php?rest_route=%2Fwp%2Fv2%2Fcomments&post=680"}],"version-history":[{"count":4,"href":"https:\/\/www.prosalud.org\/index.php?rest_route=\/wp\/v2\/pages\/680\/revisions"}],"predecessor-version":[{"id":692,"href":"https:\/\/www.prosalud.org\/index.php?rest_route=\/wp\/v2\/pages\/680\/revisions\/692"}],"wp:featuredmedia":[{"embeddable":true,"href":"https:\/\/www.prosalud.org\/index.php?rest_route=\/wp\/v2\/media\/519"}],"wp:attachment":[{"href":"https:\/\/www.prosalud.org\/index.php?rest_route=%2Fwp%2Fv2%2Fmedia&parent=680"}],"curies":[{"name":"wp","href":"https:\/\/api.w.org\/{rel}","templated":true}]}}