{"id":610,"date":"2024-07-31T08:08:06","date_gmt":"2024-07-31T12:08:06","guid":{"rendered":"https:\/\/www.prosalud.org\/?page_id=610"},"modified":"2024-07-31T08:18:05","modified_gmt":"2024-07-31T12:18:05","slug":"proyectos-10","status":"publish","type":"page","link":"https:\/\/www.prosalud.org\/?page_id=610","title":{"rendered":"Proyectos"},"content":{"rendered":"\n<h2 class=\"wp-block-heading\">PROYECTO JUNTOS EN LA PREVENCI\u00d3N DEL C\u00c1NCER C\u00c9RVICO UTERINO \u2013 CACU ATRAV\u00c9Z DEL M\u00c9TODO DE INSPECCI\u00d3N VISUAL CON \u00c1CIDO AC\u00c9TICO &#8211; IVAA<\/h2>\n\n\n\n<p><\/p>\n\n\n\n<ul class=\"wp-block-list\">\n<li>Seg\u00fan el Ministerio de Salud, al menos tres mujeres mueren diariamente debido a C\u00e1ncer de Cuello Uterino (CACU).<\/li>\n\n\n\n<li>Este C\u00e1ncer Uterino es prevenible y puede ser detectado precozmente de manera eficaz y econ\u00f3mica.<\/li>\n\n\n\n<li>Todas las mujeres adultas deben realizarse ex\u00e1menes peri\u00f3dicos para detectar posibles lesiones precancerosas en el cuello del \u00fatero y tratarlas oportunamente.<\/li>\n\n\n\n<li>Es por ese motivo el Comit\u00e9 C\u00edvico Femenino, en alianza con PROSALUD desarrollaron una campa\u00f1a de prevenci\u00f3n y concientizaci\u00f3n de C\u00e1ncer C\u00e9rvico Uterino que se inici\u00f3 el 12 de octubre de 2022 y finalizo el 06 de diciembre del 2023.<\/li>\n\n\n\n<li>El Examen Visual con \u00c1cido Ac\u00e9tico es una t\u00e9cnica sencilla, no dolorosa, que se realiza por profesionales entrenados, donde los resultados se entregan en el momento.<\/li>\n\n\n\n<li>Con el estudio de Inspecci\u00f3n Visual con \u00c1cido Ac\u00e9tico Visual \u2013 IVAA se lleg\u00f3 alcanzar a 900 mujeres del \u00e1rea periurbana y algunas poblaciones del Norte Integrado del Departamento de Santa Cruz,<\/li>\n\n\n\n<li>La campa\u00f1a fue aceptada por las mujeres, bajo excelente coordinaci\u00f3n interinstitucional entre Comit\u00e9 C\u00edvico Femenino, PROSALUD y los Gobiernos Municipales<\/li>\n<\/ul>\n\n\n\n<p><strong>CANTIDAD DE ESTUDIOS DE IVAA REALIZADOS<\/strong><\/p>\n\n\n\n<p><strong>1. Zona Plan 3000 &#8211; Distrito 8&nbsp;<\/strong><\/p>\n\n\n\n<p>Fecha: 12-10-2022<\/p>\n\n\n\n<p>Cantidad IVAA: 98<\/p>\n\n\n\n<p><strong>2. Zona Los Lotes &#8211; Distrito 12<\/strong><\/p>\n\n\n\n<p>Fecha: 20-10-2022<\/p>\n\n\n\n<p>Cantidad: 91<\/p>\n\n\n\n<p><strong>3. Zona Villa 1ero de Mayo \u2013 Distrito 7<\/strong><\/p>\n\n\n\n<p>Fecha: 03-03-2023<\/p>\n\n\n\n<p>&nbsp;Cantidad: 43<\/p>\n\n\n\n<p><strong>4. Zona Santos Dumont \u2013 Distrito 9<\/strong><\/p>\n\n\n\n<p>Fecha: 24-03-2023<\/p>\n\n\n\n<p>Cantidad: 102<\/p>\n\n\n\n<p><strong>5. Zona Pampa de la Isla \u2013 Distrito 6<\/strong><\/p>\n\n\n\n<p>Fecha: 14-04-2023<\/p>\n\n\n\n<p>Cantidad: 50<\/p>\n\n\n\n<p><strong>6. Zona El Par\u00ed \u2013 Distrito 4<\/strong><\/p>\n\n\n\n<p>Fecha: 28-04-2023<\/p>\n\n\n\n<p>Cantidad: 59<\/p>\n\n\n\n<p><strong>7. Zona Baj\u00eco \u2013 Km 6<\/strong><\/p>\n\n\n\n<p>Fecha 19-05-2023<\/p>\n\n\n\n<p>Cantidad: 41<\/p>\n\n\n\n<p><strong>8. Montero \u2013 Distrito 3<\/strong><\/p>\n\n\n\n<p>Fecha: 30 -06-2023<\/p>\n\n\n\n<p>Cantidad: 79<\/p>\n\n\n\n<p><strong>9- Cotoca \u2013 FUNDAHVIDA<\/strong><\/p>\n\n\n\n<p>Fecha: 28-07-2023<br>Cantidad: 81 personas<\/p>\n\n\n\n<p><strong>10. Warnes \u2013 Centro de Salud La Reforma<\/strong><\/p>\n\n\n\n<p>Fecha: 01-09-2023<\/p>\n\n\n\n<p>Cantidad: 36 personas<\/p>\n\n\n\n<p><strong>11. La Guardia \u2013 Fundaci\u00f3n Victoria<\/strong><\/p>\n\n\n\n<p>Fecha: 13-10-23&nbsp;&nbsp;&nbsp;&nbsp;&nbsp;&nbsp;&nbsp;&nbsp;&nbsp;&nbsp;&nbsp;&nbsp;&nbsp;&nbsp;&nbsp;&nbsp;&nbsp;&nbsp;&nbsp;&nbsp;&nbsp;&nbsp;&nbsp;&nbsp;&nbsp;&nbsp;&nbsp;&nbsp;&nbsp;&nbsp;&nbsp;&nbsp;&nbsp;&nbsp;&nbsp;&nbsp;&nbsp;&nbsp;&nbsp;&nbsp;&nbsp;&nbsp;&nbsp;&nbsp;&nbsp;&nbsp;&nbsp;&nbsp;&nbsp;&nbsp;&nbsp;&nbsp;&nbsp;&nbsp;&nbsp;&nbsp;&nbsp;&nbsp;&nbsp;&nbsp;&nbsp;&nbsp;&nbsp;&nbsp;<\/p>\n\n\n\n<p>Cantidad: 115<\/p>\n\n\n\n<p><strong>12. Plan 3.000<\/strong><\/p>\n\n\n\n<p>Fecha: 24-11-23<\/p>\n\n\n\n<p>Cantidad. 86 mujeres<\/p>\n\n\n\n<p><strong>13.&nbsp; Centro Los Lotes<\/strong><\/p>\n\n\n\n<p>Fecha: 06-12-2023<\/p>\n\n\n\n<p>Cantidad: 19 mujeres<\/p>\n\n\n\n<p><strong>Total: 900 Mujeres<\/strong><\/p>\n\n\n\n<p><strong>RESULTADOS<\/strong><\/p>\n\n\n\n<ol class=\"wp-block-list\">\n<li>Sensibilizar a las autoridades Municipales de las Subalcald\u00ecas, Grupos organizados, Juntas Vecinales e Iglesias, en las \u00e1reas donde se desarroll\u00f3 el trabajo, sobre la tem\u00e1tica del C\u00e1ncer de Cuello Uterino, como un problema de Salud P\u00fablica que afecta la mujer y su familia.<\/li>\n\n\n\n<li>Informar sobre la importancia del Diagn\u00f3stico Temprano del C\u00e1ncer C\u00e9rvico Uterino para la prevenci\u00f3n de esta enfermedad en las mujeres<\/li>\n\n\n\n<li>Informar sobre el m\u00e9todo IVAA, como medio de diagn\u00f3stico y la importancia de su acceso en cada lugar.<\/li>\n\n\n\n<li>Visibilizar de la tem\u00e1tica del C\u00e1ncer de Cuello Uterino en Medios de Comunicaci\u00f3n Televisi\u00f3n y Redes Sociales.<\/li>\n\n\n\n<li>Tomar muestras de IVAA a 900 mujeres, negativas 886, 13 IVAA positivas y 1 sospecha de C\u00e1ncer.<\/li>\n\n\n\n<li>Entregar resultados IVAA&nbsp; 900 mujeres en el momento de la campa\u00f1a<\/li>\n\n\n\n<li>Aplicar el procedimiento de Crioterapia a 5 mujeres (durante la Campa\u00f1a).<\/li>\n\n\n\n<li>Registrar y construir una base de datos de las 900 mujeres.<\/li>\n<\/ol>\n\n\n<div class=\"pgc-sgb-cb wp-block-pgcsimplygalleryblock-grid \" data-gallery-id=\"f9f05333\"><div class=\"sgb-preloader\" id=\"pr_f9f05333\">\n\t<div class=\"sgb-square\" style=\"background:#d4d4d4\"><\/div>\n\t<div class=\"sgb-square\" style=\"background:#d4d4d4\"><\/div>\n\t<div class=\"sgb-square\" style=\"background:#d4d4d4\"><\/div>\n\t<div class=\"sgb-square\" style=\"background:#d4d4d4\"><\/div><\/div><div class=\"simply-gallery-amp pgc_sgb_slider \" style=\"display: none;\"><div class=\"sgb-gallery\"><div class=\"sgb-item\"><a href=\"https:\/\/www.prosalud.org\/?attachment_id=621#main\" target=\"_blank\"><img decoding=\"async\" alt=\"\" width=\"300\" height=\"225\" loading=\"lazy\" src=\"https:\/\/www.prosalud.org\/wp-content\/uploads\/2024\/07\/Campana-Distrito-8-2-1-300x225.jpg\" srcset=\"https:\/\/www.prosalud.org\/wp-content\/uploads\/2024\/07\/Campana-Distrito-8-2-1-300x225.jpg 300w,https:\/\/www.prosalud.org\/wp-content\/uploads\/2024\/07\/Campana-Distrito-8-2-1-1024x768.jpg 1024w,https:\/\/www.prosalud.org\/wp-content\/uploads\/2024\/07\/Campana-Distrito-8-2-1.jpg 1920w\" sizes=\"auto, 250px\"\/><\/a><\/div><div class=\"sgb-item\"><a href=\"https:\/\/www.prosalud.org\/?attachment_id=622#main\" target=\"_blank\"><img decoding=\"async\" alt=\"\" width=\"249\" height=\"300\" loading=\"lazy\" src=\"https:\/\/www.prosalud.org\/wp-content\/uploads\/2024\/07\/Campana-IVAA-Distrito-8-1-1-249x300.jpg\" srcset=\"https:\/\/www.prosalud.org\/wp-content\/uploads\/2024\/07\/Campana-IVAA-Distrito-8-1-1-249x300.jpg 249w,https:\/\/www.prosalud.org\/wp-content\/uploads\/2024\/07\/Campana-IVAA-Distrito-8-1-1-851x1024.jpg 851w,https:\/\/www.prosalud.org\/wp-content\/uploads\/2024\/07\/Campana-IVAA-Distrito-8-1-1.jpg 1742w\" sizes=\"auto, 250px\"\/><\/a><\/div><div class=\"sgb-item\"><a href=\"https:\/\/www.prosalud.org\/?attachment_id=623#main\" target=\"_blank\"><img decoding=\"async\" alt=\"\" width=\"300\" height=\"278\" loading=\"lazy\" src=\"https:\/\/www.prosalud.org\/wp-content\/uploads\/2024\/07\/Campana-IVAA-Distrito-12-1-1-300x278.jpg\" srcset=\"https:\/\/www.prosalud.org\/wp-content\/uploads\/2024\/07\/Campana-IVAA-Distrito-12-1-1-300x278.jpg 300w,https:\/\/www.prosalud.org\/wp-content\/uploads\/2024\/07\/Campana-IVAA-Distrito-12-1-1-1024x949.jpg 1024w,https:\/\/www.prosalud.org\/wp-content\/uploads\/2024\/07\/Campana-IVAA-Distrito-12-1-1.jpg 2337w\" sizes=\"auto, 250px\"\/><\/a><\/div><div class=\"sgb-item\"><a href=\"https:\/\/www.prosalud.org\/?attachment_id=624#main\" target=\"_blank\"><img decoding=\"async\" alt=\"\" width=\"225\" height=\"300\" loading=\"lazy\" src=\"https:\/\/www.prosalud.org\/wp-content\/uploads\/2024\/07\/COMITE-1-1-225x300.jpg\" srcset=\"https:\/\/www.prosalud.org\/wp-content\/uploads\/2024\/07\/COMITE-1-1-225x300.jpg 225w,https:\/\/www.prosalud.org\/wp-content\/uploads\/2024\/07\/COMITE-1-1.jpg 390w\" sizes=\"auto, 250px\"\/><\/a><\/div><div class=\"sgb-item\"><a href=\"https:\/\/www.prosalud.org\/?attachment_id=625#main\" target=\"_blank\"><img decoding=\"async\" alt=\"\" width=\"300\" height=\"263\" loading=\"lazy\" src=\"https:\/\/www.prosalud.org\/wp-content\/uploads\/2024\/07\/COMITE-2-1-300x263.jpg\" srcset=\"https:\/\/www.prosalud.org\/wp-content\/uploads\/2024\/07\/COMITE-2-1-300x263.jpg 300w,https:\/\/www.prosalud.org\/wp-content\/uploads\/2024\/07\/COMITE-2-1.jpg 531w\" sizes=\"auto, 250px\"\/><\/a><\/div><div class=\"sgb-item\"><a href=\"https:\/\/www.prosalud.org\/?attachment_id=626#main\" target=\"_blank\"><img decoding=\"async\" alt=\"\" width=\"300\" height=\"266\" loading=\"lazy\" src=\"https:\/\/www.prosalud.org\/wp-content\/uploads\/2024\/07\/Entrevista-al-Vivo-Revista-Red-Uno-Distrito-8-1-300x266.jpg\" srcset=\"https:\/\/www.prosalud.org\/wp-content\/uploads\/2024\/07\/Entrevista-al-Vivo-Revista-Red-Uno-Distrito-8-1-300x266.jpg 300w,https:\/\/www.prosalud.org\/wp-content\/uploads\/2024\/07\/Entrevista-al-Vivo-Revista-Red-Uno-Distrito-8-1-1024x907.jpg 1024w,https:\/\/www.prosalud.org\/wp-content\/uploads\/2024\/07\/Entrevista-al-Vivo-Revista-Red-Uno-Distrito-8-1.jpg 1920w\" sizes=\"auto, 250px\"\/><\/a><\/div><div class=\"sgb-item\"><a href=\"https:\/\/www.prosalud.org\/?attachment_id=627#main\" target=\"_blank\"><img decoding=\"async\" alt=\"\" width=\"300\" height=\"254\" loading=\"lazy\" src=\"https:\/\/www.prosalud.org\/wp-content\/uploads\/2024\/07\/Foto-Comite-Civico-Sub-Alcalde-Distrito12-y-PROSALUD-1-300x254.jpg\" srcset=\"https:\/\/www.prosalud.org\/wp-content\/uploads\/2024\/07\/Foto-Comite-Civico-Sub-Alcalde-Distrito12-y-PROSALUD-1-300x254.jpg 300w,https:\/\/www.prosalud.org\/wp-content\/uploads\/2024\/07\/Foto-Comite-Civico-Sub-Alcalde-Distrito12-y-PROSALUD-1-1024x866.jpg 1024w,https:\/\/www.prosalud.org\/wp-content\/uploads\/2024\/07\/Foto-Comite-Civico-Sub-Alcalde-Distrito12-y-PROSALUD-1.jpg 1920w\" sizes=\"auto, 250px\"\/><\/a><\/div><\/div><\/div><script type=\"application\/json\" class=\"sgb-data\">{\"thumbHieghtRation\":0.7,\"collectionThumbRecomendedWidth\":250,\"thumbSpacing\":25,\"externalLink\":false,\"captions\":false,\"collectionthumbRoundedCorners\":4,\"collectionThumbSubMenuDownload\":false,\"collectionThumbSubMenuShare\":false,\"galleryType\":\"pgc_sgb_grid\",\"galleryId\":\"f9f05333\",\"images\":[{\"id\":621,\"title\":\"Campa\u00f1a Distrito 8 (2)\",\"url\":\"https:\/\/www.prosalud.org\/wp-content\/uploads\/2024\/07\/Campana-Distrito-8-2-1.jpg\",\"link\":\"https:\/\/www.prosalud.org\/?attachment_id=621#main\",\"alt\":\"\",\"description\":\"\",\"caption\":\"\",\"mime\":\"image\/jpeg\",\"type\":\"image\",\"width\":1920,\"height\":1440,\"sizes\":{\"thumbnail\":{\"height\":150,\"width\":150,\"url\":\"https:\/\/www.prosalud.org\/wp-content\/uploads\/2024\/07\/Campana-Distrito-8-2-1-150x150.jpg\",\"orientation\":\"landscape\"},\"medium\":{\"height\":225,\"width\":300,\"url\":\"https:\/\/www.prosalud.org\/wp-content\/uploads\/2024\/07\/Campana-Distrito-8-2-1-300x225.jpg\",\"orientation\":\"landscape\"},\"large\":{\"height\":768,\"width\":1024,\"url\":\"https:\/\/www.prosalud.org\/wp-content\/uploads\/2024\/07\/Campana-Distrito-8-2-1-1024x768.jpg\",\"orientation\":\"landscape\"},\"full\":{\"url\":\"https:\/\/www.prosalud.org\/wp-content\/uploads\/2024\/07\/Campana-Distrito-8-2-1.jpg\",\"height\":1440,\"width\":1920,\"orientation\":\"landscape\"}},\"imageMeta\":{\"aperture\":\"1.8\",\"credit\":\"\",\"camera\":\"SM-A715F\",\"caption\":\"\",\"created_timestamp\":\"1665583296\",\"copyright\":\"\",\"focal_length\":\"5.23\",\"iso\":\"40\",\"shutter_speed\":\"0.02\",\"title\":\"\",\"orientation\":\"1\",\"keywords\":[]},\"meta\":false,\"postlink\":\"https:\/\/www.prosalud.org\/?attachment_id=621#main\"},{\"id\":622,\"title\":\"Campa\u00f1a IVAA Distrito 8 (1)\",\"url\":\"https:\/\/www.prosalud.org\/wp-content\/uploads\/2024\/07\/Campana-IVAA-Distrito-8-1-1.jpg\",\"link\":\"https:\/\/www.prosalud.org\/?attachment_id=622#main\",\"alt\":\"\",\"description\":\"\",\"caption\":\"\",\"mime\":\"image\/jpeg\",\"type\":\"image\",\"width\":1742,\"height\":2097,\"sizes\":{\"thumbnail\":{\"height\":150,\"width\":150,\"url\":\"https:\/\/www.prosalud.org\/wp-content\/uploads\/2024\/07\/Campana-IVAA-Distrito-8-1-1-150x150.jpg\",\"orientation\":\"landscape\"},\"medium\":{\"height\":300,\"width\":249,\"url\":\"https:\/\/www.prosalud.org\/wp-content\/uploads\/2024\/07\/Campana-IVAA-Distrito-8-1-1-249x300.jpg\",\"orientation\":\"portrait\"},\"large\":{\"height\":1024,\"width\":851,\"url\":\"https:\/\/www.prosalud.org\/wp-content\/uploads\/2024\/07\/Campana-IVAA-Distrito-8-1-1-851x1024.jpg\",\"orientation\":\"portrait\"},\"full\":{\"url\":\"https:\/\/www.prosalud.org\/wp-content\/uploads\/2024\/07\/Campana-IVAA-Distrito-8-1-1.jpg\",\"height\":2097,\"width\":1742,\"orientation\":\"portrait\"}},\"imageMeta\":{\"aperture\":\"0\",\"credit\":\"\",\"camera\":\"SM-A715F\",\"caption\":\"\",\"created_timestamp\":\"1665588735\",\"copyright\":\"\",\"focal_length\":\"0\",\"iso\":\"125\",\"shutter_speed\":\"0\",\"title\":\"\",\"orientation\":\"0\",\"keywords\":[]},\"meta\":false,\"postlink\":\"https:\/\/www.prosalud.org\/?attachment_id=622#main\"},{\"id\":623,\"title\":\"Campa\u00f1a IVAA Distrito 12 (1)\",\"url\":\"https:\/\/www.prosalud.org\/wp-content\/uploads\/2024\/07\/Campana-IVAA-Distrito-12-1-1.jpg\",\"link\":\"https:\/\/www.prosalud.org\/?attachment_id=623#main\",\"alt\":\"\",\"description\":\"\",\"caption\":\"\",\"mime\":\"image\/jpeg\",\"type\":\"image\",\"width\":2337,\"height\":2165,\"sizes\":{\"thumbnail\":{\"height\":150,\"width\":150,\"url\":\"https:\/\/www.prosalud.org\/wp-content\/uploads\/2024\/07\/Campana-IVAA-Distrito-12-1-1-150x150.jpg\",\"orientation\":\"landscape\"},\"medium\":{\"height\":278,\"width\":300,\"url\":\"https:\/\/www.prosalud.org\/wp-content\/uploads\/2024\/07\/Campana-IVAA-Distrito-12-1-1-300x278.jpg\",\"orientation\":\"landscape\"},\"large\":{\"height\":949,\"width\":1024,\"url\":\"https:\/\/www.prosalud.org\/wp-content\/uploads\/2024\/07\/Campana-IVAA-Distrito-12-1-1-1024x949.jpg\",\"orientation\":\"landscape\"},\"full\":{\"url\":\"https:\/\/www.prosalud.org\/wp-content\/uploads\/2024\/07\/Campana-IVAA-Distrito-12-1-1.jpg\",\"height\":2165,\"width\":2337,\"orientation\":\"landscape\"}},\"imageMeta\":{\"aperture\":\"0\",\"credit\":\"\",\"camera\":\"SM-A715F\",\"caption\":\"\",\"created_timestamp\":\"1666256316\",\"copyright\":\"\",\"focal_length\":\"0\",\"iso\":\"50\",\"shutter_speed\":\"0\",\"title\":\"\",\"orientation\":\"0\",\"keywords\":[]},\"meta\":false,\"postlink\":\"https:\/\/www.prosalud.org\/?attachment_id=623#main\"},{\"id\":624,\"title\":\"COMITE 1\",\"url\":\"https:\/\/www.prosalud.org\/wp-content\/uploads\/2024\/07\/COMITE-1-1.jpg\",\"link\":\"https:\/\/www.prosalud.org\/?attachment_id=624#main\",\"alt\":\"\",\"description\":\"\",\"caption\":\"\",\"mime\":\"image\/jpeg\",\"type\":\"image\",\"width\":390,\"height\":520,\"sizes\":{\"thumbnail\":{\"height\":150,\"width\":150,\"url\":\"https:\/\/www.prosalud.org\/wp-content\/uploads\/2024\/07\/COMITE-1-1-150x150.jpg\",\"orientation\":\"landscape\"},\"medium\":{\"height\":300,\"width\":225,\"url\":\"https:\/\/www.prosalud.org\/wp-content\/uploads\/2024\/07\/COMITE-1-1-225x300.jpg\",\"orientation\":\"portrait\"},\"full\":{\"url\":\"https:\/\/www.prosalud.org\/wp-content\/uploads\/2024\/07\/COMITE-1-1.jpg\",\"height\":520,\"width\":390,\"orientation\":\"portrait\"}},\"imageMeta\":{\"aperture\":\"0\",\"credit\":\"\",\"camera\":\"\",\"caption\":\"\",\"created_timestamp\":\"0\",\"copyright\":\"\",\"focal_length\":\"0\",\"iso\":\"0\",\"shutter_speed\":\"0\",\"title\":\"\",\"orientation\":\"0\",\"keywords\":[]},\"meta\":false,\"postlink\":\"https:\/\/www.prosalud.org\/?attachment_id=624#main\"},{\"id\":625,\"title\":\"COMITE 2\",\"url\":\"https:\/\/www.prosalud.org\/wp-content\/uploads\/2024\/07\/COMITE-2-1.jpg\",\"link\":\"https:\/\/www.prosalud.org\/?attachment_id=625#main\",\"alt\":\"\",\"description\":\"\",\"caption\":\"\",\"mime\":\"image\/jpeg\",\"type\":\"image\",\"width\":531,\"height\":465,\"sizes\":{\"thumbnail\":{\"height\":150,\"width\":150,\"url\":\"https:\/\/www.prosalud.org\/wp-content\/uploads\/2024\/07\/COMITE-2-1-150x150.jpg\",\"orientation\":\"landscape\"},\"medium\":{\"height\":263,\"width\":300,\"url\":\"https:\/\/www.prosalud.org\/wp-content\/uploads\/2024\/07\/COMITE-2-1-300x263.jpg\",\"orientation\":\"landscape\"},\"full\":{\"url\":\"https:\/\/www.prosalud.org\/wp-content\/uploads\/2024\/07\/COMITE-2-1.jpg\",\"height\":465,\"width\":531,\"orientation\":\"landscape\"}},\"imageMeta\":{\"aperture\":\"0\",\"credit\":\"\",\"camera\":\"\",\"caption\":\"\",\"created_timestamp\":\"0\",\"copyright\":\"\",\"focal_length\":\"0\",\"iso\":\"0\",\"shutter_speed\":\"0\",\"title\":\"\",\"orientation\":\"1\",\"keywords\":[]},\"meta\":false,\"postlink\":\"https:\/\/www.prosalud.org\/?attachment_id=625#main\"},{\"id\":626,\"title\":\"Entrevista al Vivo Revista Red Uno - Distrito 8\",\"url\":\"https:\/\/www.prosalud.org\/wp-content\/uploads\/2024\/07\/Entrevista-al-Vivo-Revista-Red-Uno-Distrito-8-1.jpg\",\"link\":\"https:\/\/www.prosalud.org\/?attachment_id=626#main\",\"alt\":\"\",\"description\":\"\",\"caption\":\"\",\"mime\":\"image\/jpeg\",\"type\":\"image\",\"width\":1920,\"height\":1700,\"sizes\":{\"thumbnail\":{\"height\":150,\"width\":150,\"url\":\"https:\/\/www.prosalud.org\/wp-content\/uploads\/2024\/07\/Entrevista-al-Vivo-Revista-Red-Uno-Distrito-8-1-150x150.jpg\",\"orientation\":\"landscape\"},\"medium\":{\"height\":266,\"width\":300,\"url\":\"https:\/\/www.prosalud.org\/wp-content\/uploads\/2024\/07\/Entrevista-al-Vivo-Revista-Red-Uno-Distrito-8-1-300x266.jpg\",\"orientation\":\"landscape\"},\"large\":{\"height\":907,\"width\":1024,\"url\":\"https:\/\/www.prosalud.org\/wp-content\/uploads\/2024\/07\/Entrevista-al-Vivo-Revista-Red-Uno-Distrito-8-1-1024x907.jpg\",\"orientation\":\"landscape\"},\"full\":{\"url\":\"https:\/\/www.prosalud.org\/wp-content\/uploads\/2024\/07\/Entrevista-al-Vivo-Revista-Red-Uno-Distrito-8-1.jpg\",\"height\":1700,\"width\":1920,\"orientation\":\"landscape\"}},\"imageMeta\":{\"aperture\":\"1.8\",\"credit\":\"\",\"camera\":\"SM-A715F\",\"caption\":\"\",\"created_timestamp\":\"1665563318\",\"copyright\":\"\",\"focal_length\":\"5.23\",\"iso\":\"32\",\"shutter_speed\":\"0.0025445292620865\",\"title\":\"\",\"orientation\":\"1\",\"keywords\":[]},\"meta\":false,\"postlink\":\"https:\/\/www.prosalud.org\/?attachment_id=626#main\"},{\"id\":627,\"title\":\"Foto Comit\u00e9 Civico, Sub-Alcalde Distrito12 y PROSALUD\",\"url\":\"https:\/\/www.prosalud.org\/wp-content\/uploads\/2024\/07\/Foto-Comite-Civico-Sub-Alcalde-Distrito12-y-PROSALUD-1.jpg\",\"link\":\"https:\/\/www.prosalud.org\/?attachment_id=627#main\",\"alt\":\"\",\"description\":\"\",\"caption\":\"\",\"mime\":\"image\/jpeg\",\"type\":\"image\",\"width\":1920,\"height\":1623,\"sizes\":{\"thumbnail\":{\"height\":150,\"width\":150,\"url\":\"https:\/\/www.prosalud.org\/wp-content\/uploads\/2024\/07\/Foto-Comite-Civico-Sub-Alcalde-Distrito12-y-PROSALUD-1-150x150.jpg\",\"orientation\":\"landscape\"},\"medium\":{\"height\":254,\"width\":300,\"url\":\"https:\/\/www.prosalud.org\/wp-content\/uploads\/2024\/07\/Foto-Comite-Civico-Sub-Alcalde-Distrito12-y-PROSALUD-1-300x254.jpg\",\"orientation\":\"landscape\"},\"large\":{\"height\":866,\"width\":1024,\"url\":\"https:\/\/www.prosalud.org\/wp-content\/uploads\/2024\/07\/Foto-Comite-Civico-Sub-Alcalde-Distrito12-y-PROSALUD-1-1024x866.jpg\",\"orientation\":\"landscape\"},\"full\":{\"url\":\"https:\/\/www.prosalud.org\/wp-content\/uploads\/2024\/07\/Foto-Comite-Civico-Sub-Alcalde-Distrito12-y-PROSALUD-1.jpg\",\"height\":1623,\"width\":1920,\"orientation\":\"landscape\"}},\"imageMeta\":{\"aperture\":\"1.8\",\"credit\":\"\",\"camera\":\"SM-A715F\",\"caption\":\"\",\"created_timestamp\":\"1666278075\",\"copyright\":\"\",\"focal_length\":\"5.23\",\"iso\":\"32\",\"shutter_speed\":\"0.0093\",\"title\":\"\",\"orientation\":\"1\",\"keywords\":[]},\"meta\":false,\"postlink\":\"https:\/\/www.prosalud.org\/?attachment_id=627#main\"}],\"customCSS\":\".pgcsimplygalleryblock-grid-collection{\\n    margin: 0 auto;\\tmax-width: 900px;\\n    text-align: center;\\n}\\n\",\"sliderItemCounterEnable\":false,\"sliderThumbBarEnable\":false,\"sliderNavigationColor\":\"rgba(0,0,0,0)\",\"sliderNavigationColorOver\":\"rgba(235,136,0,1)\",\"sliderNavigationIconColorOver\":\"rgba(255,255,255,1)\",\"sliderSlideshow\":false,\"sliderThumbSubMenuBackgroundColor\":\"rgba(235,136,0,1)\",\"sliderThumbSubMenuIconHoverColor\":\"rgba(235,136,0,1)\",\"sliderSocialShareEnabled\":false,\"sliderZoomEnable\":false,\"sliderFullscreenEnabled\":false,\"openPopupId\":\"\",\"itemsMetaDataCollection\":[]}<\/script><script>(function(){if(window.PGC_SGB && window.PGC_SGB.searcher){window.PGC_SGB.searcher.initBlocks()}})()<\/script><\/div>","protected":false},"excerpt":{"rendered":"<p>PROYECTO JUNTOS EN LA PREVENCI\u00d3N DEL C\u00c1NCER C\u00c9RVICO UTERINO \u2013 CACU ATRAV\u00c9Z DEL M\u00c9TODO DE INSPECCI\u00d3N VISUAL CON \u00c1CIDO AC\u00c9TICO &#8211; IVAA CANTIDAD DE ESTUDIOS [&hellip;]<\/p>\n","protected":false},"author":1,"featured_media":216,"parent":0,"menu_order":0,"comment_status":"closed","ping_status":"closed","template":"","meta":{"pgc_sgb_lightbox_settings":"","footnotes":""},"class_list":["post-610","page","type-page","status-publish","has-post-thumbnail","hentry"],"_links":{"self":[{"href":"https:\/\/www.prosalud.org\/index.php?rest_route=\/wp\/v2\/pages\/610","targetHints":{"allow":["GET"]}}],"collection":[{"href":"https:\/\/www.prosalud.org\/index.php?rest_route=\/wp\/v2\/pages"}],"about":[{"href":"https:\/\/www.prosalud.org\/index.php?rest_route=\/wp\/v2\/types\/page"}],"author":[{"embeddable":true,"href":"https:\/\/www.prosalud.org\/index.php?rest_route=\/wp\/v2\/users\/1"}],"replies":[{"embeddable":true,"href":"https:\/\/www.prosalud.org\/index.php?rest_route=%2Fwp%2Fv2%2Fcomments&post=610"}],"version-history":[{"count":4,"href":"https:\/\/www.prosalud.org\/index.php?rest_route=\/wp\/v2\/pages\/610\/revisions"}],"predecessor-version":[{"id":629,"href":"https:\/\/www.prosalud.org\/index.php?rest_route=\/wp\/v2\/pages\/610\/revisions\/629"}],"wp:featuredmedia":[{"embeddable":true,"href":"https:\/\/www.prosalud.org\/index.php?rest_route=\/wp\/v2\/media\/216"}],"wp:attachment":[{"href":"https:\/\/www.prosalud.org\/index.php?rest_route=%2Fwp%2Fv2%2Fmedia&parent=610"}],"curies":[{"name":"wp","href":"https:\/\/api.w.org\/{rel}","templated":true}]}}